
{"id":5374,"date":"2024-10-04T18:20:06","date_gmt":"2024-10-04T18:20:06","guid":{"rendered":"https:\/\/nourri-source.org\/?page_id=5374"},"modified":"2024-10-04T18:20:10","modified_gmt":"2024-10-04T18:20:10","slug":"perinatal-fact-sheets","status":"publish","type":"page","link":"https:\/\/nourri-source.org\/en\/perinatal-fact-sheets\/","title":{"rendered":"Perinatal fact sheets"},"content":{"rendered":"<p>[et_pb_section fb_built=&#8221;1&#8243; admin_label=&#8221;Hero Section&#8221; _builder_version=&#8221;4.16&#8243; background_color=&#8221;RGBA(0,0,0,0)&#8221; background_color_gradient_direction=&#8221;105deg&#8221; background_image=&#8221;https:\/\/nourri-source.org\/wp-content\/uploads\/2021\/10\/wave-bg-4.png&#8221; custom_padding=&#8221;60px|0px|60px|0px&#8221; locked=&#8221;off&#8221; global_colors_info=&#8221;{}&#8221;][et_pb_row _builder_version=&#8221;4.16&#8243; background_size=&#8221;initial&#8221; background_position=&#8221;top_left&#8221; background_repeat=&#8221;repeat&#8221; module_alignment=&#8221;center&#8221; global_colors_info=&#8221;{}&#8221;][et_pb_column type=&#8221;4_4&#8243; _builder_version=&#8221;4.16&#8243; custom_padding=&#8221;|||&#8221; global_colors_info=&#8221;{}&#8221; custom_padding__hover=&#8221;|||&#8221;][et_pb_text _builder_version=&#8221;4.22.2&#8243; text_font=&#8221;||||||||&#8221; text_text_color=&#8221;#000000&#8243; header_font=&#8221;|800|||||||&#8221; header_text_align=&#8221;center&#8221; header_text_color=&#8221;#107ec0&#8243; header_2_text_align=&#8221;center&#8221; header_2_text_color=&#8221;#000000&#8243; header_2_font_size=&#8221;28px&#8221; header_3_font=&#8221;Poppins|600|||||||&#8221; header_3_font_size=&#8221;36px&#8221; header_3_line_height=&#8221;1.4em&#8221; background_layout=&#8221;dark&#8221; max_width=&#8221;600px&#8221; module_alignment=&#8221;center&#8221; custom_margin=&#8221;|||&#8221; header_font_size_tablet=&#8221;&#8221; header_font_size_phone=&#8221;35px&#8221; header_font_size_last_edited=&#8221;on|phone&#8221; locked=&#8221;off&#8221; global_colors_info=&#8221;{%22gcid-e13a1ddc-b7aa-4197-8a59-a559aea4f547%22:%91%22header_text_color%22%93}&#8221;]<\/p>\n<h1>Fiches p\u00e9rinatalit\u00e9<\/h1>\n<p>[\/et_pb_text][\/et_pb_column][\/et_pb_row][\/et_pb_section][et_pb_section fb_built=&#8221;1&#8243; make_equal=&#8221;on&#8221; specialty=&#8221;on&#8221; padding_top_2=&#8221;10%&#8221; padding_top_bottom_link_2=&#8221;false&#8221; padding_left_right_link_2=&#8221;false&#8221; custom_css_before_2=&#8221;margin:auto;&#8221; _builder_version=&#8221;4.16&#8243; _module_preset=&#8221;default&#8221; global_colors_info=&#8221;{}&#8221; locked=&#8221;off&#8221;][et_pb_column type=&#8221;1_2&#8243; _builder_version=&#8221;4.16&#8243; custom_padding=&#8221;|||&#8221; global_colors_info=&#8221;{}&#8221; custom_padding__hover=&#8221;|||&#8221;][et_pb_text _builder_version=&#8221;4.16&#8243; _module_preset=&#8221;default&#8221; header_2_text_color=&#8221;gcid-0c9bdd5f-66e5-4050-a903-abc08ff0a958&#8243; global_colors_info=&#8221;{%22gcid-0c9bdd5f-66e5-4050-a903-abc08ff0a958%22:%91%22header_2_text_color%22%93}&#8221;]<\/p>\n<h2>Allaitement et physioth\u00e9rapie<\/h2>\n<p>&nbsp;<\/p>\n<p>[\/et_pb_text][et_pb_text _builder_version=&#8221;4.22.2&#8243; _module_preset=&#8221;default&#8221; header_2_text_color=&#8221;gcid-0c9bdd5f-66e5-4050-a903-abc08ff0a958&#8243; global_colors_info=&#8221;{%22gcid-0c9bdd5f-66e5-4050-a903-abc08ff0a958%22:%91%22header_2_text_color%22%93}&#8221;]<\/p>\n<p>La F\u00e9d\u00e9ration Nourri-Source d\u00e9bute une nouvelle collaboration avec une physioth\u00e9rapeute p\u00e9diatrique afin de publier une nouvelle s\u00e9rie de fiches qui a comme sujet les probl\u00e8mes d\u2019allaitement qui peuvent \u00eatre trait\u00e9s par la physioth\u00e9rapie.<\/p>\n<p>Am\u00e9lie Boudreau est dipl\u00f4m\u00e9e en physioth\u00e9rapie depuis plus de 15 ans. Elle a d\u00e9velopp\u00e9 un grand int\u00e9r\u00eat pour les femmes enceintes et les jeunes enfants, puis elle s\u2019est sp\u00e9cialis\u00e9e en p\u00e9diatrie. Ayant \u00e0 c\u0153ur afin d\u2019informer les familles allaitantes sur la fa\u00e7on dont les traitements physioth\u00e9rapeutiques adapt\u00e9s peuvent les aider dans leurs probl\u00e9matiques d\u2019allaitement, elle r\u00e9dige les fiches \u00ab\u00a0Allaitement et physioth\u00e9rapie\u00a0\u00bb.<\/p>\n<p>&nbsp;<\/p>\n<p>&nbsp;<\/p>\n<p>[\/et_pb_text][\/et_pb_column][et_pb_column type=&#8221;1_2&#8243; specialty_columns=&#8221;2&#8243; _builder_version=&#8221;4.16&#8243; custom_padding=&#8221;|||&#8221; global_colors_info=&#8221;{}&#8221; custom_padding__hover=&#8221;|||&#8221;][et_pb_row_inner column_structure=&#8221;1_2,1_2&#8243; use_custom_gutter=&#8221;on&#8221; gutter_width=&#8221;1&#8243; _builder_version=&#8221;4.22.2&#8243; _module_preset=&#8221;default&#8221; width=&#8221;90%&#8221; max_width=&#8221;2560px&#8221; global_colors_info=&#8221;{}&#8221;][et_pb_column_inner type=&#8221;1_2&#8243; saved_specialty_column_type=&#8221;1_2&#8243; _builder_version=&#8221;4.16&#8243; _module_preset=&#8221;default&#8221; global_colors_info=&#8221;{}&#8221;][et_pb_image src=&#8221;https:\/\/nourri-source.org\/wp-content\/uploads\/2024\/09\/Torticolis.png&#8221; alt=&#8221;Torticoli cong\u00e9nital&#8221; title_text=&#8221;Torticolis&#8221; show_in_lightbox=&#8221;on&#8221; use_overlay=&#8221;on&#8221; overlay_icon_color=&#8221;#0C71C3&#8243; hover_icon=&#8221;&#x54;||divi||400&#8243; align=&#8221;center&#8221; _builder_version=&#8221;4.22.2&#8243; _module_preset=&#8221;default&#8221; width=&#8221;50%&#8221; global_colors_info=&#8221;{}&#8221;][\/et_pb_image][et_pb_text _builder_version=&#8221;4.22.2&#8243; _module_preset=&#8221;default&#8221; text_font=&#8221;|700|||||||&#8221; text_orientation=&#8221;center&#8221; custom_margin=&#8221;25px||25px||true|false&#8221; global_colors_info=&#8221;{}&#8221;]<\/p>\n<p>Torticolis cong\u00e9nital<\/p>\n<p>[\/et_pb_text][et_pb_text _builder_version=&#8221;4.22.2&#8243; _module_preset=&#8221;default&#8221; text_orientation=&#8221;center&#8221; global_colors_info=&#8221;{}&#8221;]<\/p>\n<p><img decoding=\"async\" data-src=\"https:\/\/nourri-source.org\/wp-content\/uploads\/2021\/10\/pdf-icon_200.png\" width=\"30px\" src=\"data:image\/svg+xml;base64,PHN2ZyB3aWR0aD0iMSIgaGVpZ2h0PSIxIiB4bWxucz0iaHR0cDovL3d3dy53My5vcmcvMjAwMC9zdmciPjwvc3ZnPg==\" class=\"lazyload\" style=\"--smush-placeholder-width: 200px; --smush-placeholder-aspect-ratio: 200\/202;\" \/><a href=\"https:\/\/nourri-source.org\/wp-content\/uploads\/2024\/09\/Torticolis.pdf\" rel=\"attachment wp-att-5345\">Torticolis<\/a><\/p>\n<p>[\/et_pb_text][\/et_pb_column_inner][et_pb_column_inner type=&#8221;1_2&#8243; saved_specialty_column_type=&#8221;1_2&#8243; _builder_version=&#8221;4.16&#8243; _module_preset=&#8221;default&#8221; global_colors_info=&#8221;{}&#8221;][\/et_pb_column_inner][\/et_pb_row_inner][\/et_pb_column][\/et_pb_section][et_pb_section fb_built=&#8221;1&#8243; _builder_version=&#8221;4.16&#8243; _module_preset=&#8221;default&#8221; global_colors_info=&#8221;{}&#8221; locked=&#8221;off&#8221;][\/et_pb_section]<\/p>\n","protected":false},"excerpt":{"rendered":"<p>Fiches p\u00e9rinatalit\u00e9Allaitement et physioth\u00e9rapie &nbsp;La F\u00e9d\u00e9ration Nourri-Source d\u00e9bute une nouvelle collaboration avec une physioth\u00e9rapeute p\u00e9diatrique afin de publier une nouvelle s\u00e9rie de fiches qui a comme sujet les probl\u00e8mes d\u2019allaitement qui peuvent \u00eatre trait\u00e9s par la physioth\u00e9rapie. Am\u00e9lie Boudreau est dipl\u00f4m\u00e9e en physioth\u00e9rapie depuis plus de 15 ans. Elle a d\u00e9velopp\u00e9 un grand int\u00e9r\u00eat pour [&hellip;]<\/p>\n","protected":false},"author":4,"featured_media":0,"parent":0,"menu_order":0,"comment_status":"closed","ping_status":"closed","template":"","meta":{"give_campaign_id":0,"_et_pb_use_builder":"on","_et_pb_old_content":"","_et_gb_content_width":"","_monsterinsights_skip_tracking":false,"_monsterinsights_sitenote_active":false,"_monsterinsights_sitenote_note":"","_monsterinsights_sitenote_category":0,"footnotes":""},"class_list":["post-5374","page","type-page","status-publish","hentry"],"yoast_head":"<!-- This site is optimized with the Yoast SEO plugin v26.6 - https:\/\/yoast.com\/wordpress\/plugins\/seo\/ -->\n<title>Perinatal fact sheets - F\u00e9d\u00e9ration Nourri-Source<\/title>\n<meta name=\"robots\" content=\"index, follow, max-snippet:-1, max-image-preview:large, max-video-preview:-1\" \/>\n<link rel=\"canonical\" href=\"https:\/\/nourri-source.org\/en\/perinatal-fact-sheets\/\" \/>\n<meta property=\"og:locale\" content=\"en_US\" \/>\n<meta property=\"og:type\" content=\"article\" \/>\n<meta property=\"og:title\" content=\"Perinatal fact sheets - F\u00e9d\u00e9ration Nourri-Source\" \/>\n<meta property=\"og:description\" content=\"Fiches p\u00e9rinatalit\u00e9Allaitement et physioth\u00e9rapie &nbsp;La F\u00e9d\u00e9ration Nourri-Source d\u00e9bute une nouvelle collaboration avec une physioth\u00e9rapeute p\u00e9diatrique afin de publier une nouvelle s\u00e9rie de fiches qui a comme sujet les probl\u00e8mes d\u2019allaitement qui peuvent \u00eatre trait\u00e9s par la physioth\u00e9rapie. Am\u00e9lie Boudreau est dipl\u00f4m\u00e9e en physioth\u00e9rapie depuis plus de 15 ans. Elle a d\u00e9velopp\u00e9 un grand int\u00e9r\u00eat pour [&hellip;]\" \/>\n<meta property=\"og:url\" content=\"https:\/\/nourri-source.org\/en\/perinatal-fact-sheets\/\" \/>\n<meta property=\"og:site_name\" content=\"F\u00e9d\u00e9ration Nourri-Source\" \/>\n<meta property=\"article:publisher\" content=\"https:\/\/www.facebook.com\/FNourriSource\/\" \/>\n<meta property=\"article:modified_time\" content=\"2024-10-04T18:20:10+00:00\" \/>\n<meta property=\"og:image\" content=\"https:\/\/nourri-source.org\/wp-content\/uploads\/2021\/10\/pdf-icon_200.png\" \/>\n<meta name=\"twitter:card\" content=\"summary_large_image\" \/>\n<meta name=\"twitter:label1\" content=\"Est. reading time\" \/>\n\t<meta name=\"twitter:data1\" content=\"1 minute\" \/>\n<script type=\"application\/ld+json\" class=\"yoast-schema-graph\">{\"@context\":\"https:\/\/schema.org\",\"@graph\":[{\"@type\":\"WebPage\",\"@id\":\"https:\/\/nourri-source.org\/en\/perinatal-fact-sheets\/\",\"url\":\"https:\/\/nourri-source.org\/en\/perinatal-fact-sheets\/\",\"name\":\"Perinatal fact sheets - F\u00e9d\u00e9ration Nourri-Source\",\"isPartOf\":{\"@id\":\"https:\/\/nourri-source.org\/#website\"},\"primaryImageOfPage\":{\"@id\":\"https:\/\/nourri-source.org\/en\/perinatal-fact-sheets\/#primaryimage\"},\"image\":{\"@id\":\"https:\/\/nourri-source.org\/en\/perinatal-fact-sheets\/#primaryimage\"},\"thumbnailUrl\":\"https:\/\/nourri-source.org\/wp-content\/uploads\/2021\/10\/pdf-icon_200.png\",\"datePublished\":\"2024-10-04T18:20:06+00:00\",\"dateModified\":\"2024-10-04T18:20:10+00:00\",\"breadcrumb\":{\"@id\":\"https:\/\/nourri-source.org\/en\/perinatal-fact-sheets\/#breadcrumb\"},\"inLanguage\":\"en-US\",\"potentialAction\":[{\"@type\":\"ReadAction\",\"target\":[\"https:\/\/nourri-source.org\/en\/perinatal-fact-sheets\/\"]}]},{\"@type\":\"ImageObject\",\"inLanguage\":\"en-US\",\"@id\":\"https:\/\/nourri-source.org\/en\/perinatal-fact-sheets\/#primaryimage\",\"url\":\"https:\/\/nourri-source.org\/wp-content\/uploads\/2021\/10\/pdf-icon_200.png\",\"contentUrl\":\"https:\/\/nourri-source.org\/wp-content\/uploads\/2021\/10\/pdf-icon_200.png\"},{\"@type\":\"BreadcrumbList\",\"@id\":\"https:\/\/nourri-source.org\/en\/perinatal-fact-sheets\/#breadcrumb\",\"itemListElement\":[{\"@type\":\"ListItem\",\"position\":1,\"name\":\"Accueil\",\"item\":\"https:\/\/nourri-source.org\/\"},{\"@type\":\"ListItem\",\"position\":2,\"name\":\"Perinatal fact sheets\"}]},{\"@type\":\"WebSite\",\"@id\":\"https:\/\/nourri-source.org\/#website\",\"url\":\"https:\/\/nourri-source.org\/\",\"name\":\"F\u00e9d\u00e9ration Nourri-Source\",\"description\":\"La r\u00e9f\u00e9rence pour trouver une marraine d\u2019allaitement.\",\"publisher\":{\"@id\":\"https:\/\/nourri-source.org\/#organization\"},\"potentialAction\":[{\"@type\":\"SearchAction\",\"target\":{\"@type\":\"EntryPoint\",\"urlTemplate\":\"https:\/\/nourri-source.org\/?s={search_term_string}\"},\"query-input\":{\"@type\":\"PropertyValueSpecification\",\"valueRequired\":true,\"valueName\":\"search_term_string\"}}],\"inLanguage\":\"en-US\"},{\"@type\":\"Organization\",\"@id\":\"https:\/\/nourri-source.org\/#organization\",\"name\":\"Nourri-source\",\"url\":\"https:\/\/nourri-source.org\/\",\"logo\":{\"@type\":\"ImageObject\",\"inLanguage\":\"en-US\",\"@id\":\"https:\/\/nourri-source.org\/#\/schema\/logo\/image\/\",\"url\":\"https:\/\/nourri-source.org\/wp-content\/uploads\/2021\/10\/NS_logo_rgb.png\",\"contentUrl\":\"https:\/\/nourri-source.org\/wp-content\/uploads\/2021\/10\/NS_logo_rgb.png\",\"width\":718,\"height\":406,\"caption\":\"Nourri-source\"},\"image\":{\"@id\":\"https:\/\/nourri-source.org\/#\/schema\/logo\/image\/\"},\"sameAs\":[\"https:\/\/www.facebook.com\/FNourriSource\/\",\"https:\/\/www.instagram.com\/federationnourrisource\/\",\"https:\/\/www.youtube.com\/channel\/UCHceoGlfuj2-QDpySHDUyQg\/featured\"]}]}<\/script>\n<!-- \/ Yoast SEO plugin. -->","yoast_head_json":{"title":"Perinatal fact sheets - F\u00e9d\u00e9ration Nourri-Source","robots":{"index":"index","follow":"follow","max-snippet":"max-snippet:-1","max-image-preview":"max-image-preview:large","max-video-preview":"max-video-preview:-1"},"canonical":"https:\/\/nourri-source.org\/en\/perinatal-fact-sheets\/","og_locale":"en_US","og_type":"article","og_title":"Perinatal fact sheets - F\u00e9d\u00e9ration Nourri-Source","og_description":"Fiches p\u00e9rinatalit\u00e9Allaitement et physioth\u00e9rapie &nbsp;La F\u00e9d\u00e9ration Nourri-Source d\u00e9bute une nouvelle collaboration avec une physioth\u00e9rapeute p\u00e9diatrique afin de publier une nouvelle s\u00e9rie de fiches qui a comme sujet les probl\u00e8mes d\u2019allaitement qui peuvent \u00eatre trait\u00e9s par la physioth\u00e9rapie. Am\u00e9lie Boudreau est dipl\u00f4m\u00e9e en physioth\u00e9rapie depuis plus de 15 ans. Elle a d\u00e9velopp\u00e9 un grand int\u00e9r\u00eat pour [&hellip;]","og_url":"https:\/\/nourri-source.org\/en\/perinatal-fact-sheets\/","og_site_name":"F\u00e9d\u00e9ration Nourri-Source","article_publisher":"https:\/\/www.facebook.com\/FNourriSource\/","article_modified_time":"2024-10-04T18:20:10+00:00","og_image":[{"url":"https:\/\/nourri-source.org\/wp-content\/uploads\/2021\/10\/pdf-icon_200.png","type":"","width":"","height":""}],"twitter_card":"summary_large_image","twitter_misc":{"Est. reading time":"1 minute"},"schema":{"@context":"https:\/\/schema.org","@graph":[{"@type":"WebPage","@id":"https:\/\/nourri-source.org\/en\/perinatal-fact-sheets\/","url":"https:\/\/nourri-source.org\/en\/perinatal-fact-sheets\/","name":"Perinatal fact sheets - F\u00e9d\u00e9ration Nourri-Source","isPartOf":{"@id":"https:\/\/nourri-source.org\/#website"},"primaryImageOfPage":{"@id":"https:\/\/nourri-source.org\/en\/perinatal-fact-sheets\/#primaryimage"},"image":{"@id":"https:\/\/nourri-source.org\/en\/perinatal-fact-sheets\/#primaryimage"},"thumbnailUrl":"https:\/\/nourri-source.org\/wp-content\/uploads\/2021\/10\/pdf-icon_200.png","datePublished":"2024-10-04T18:20:06+00:00","dateModified":"2024-10-04T18:20:10+00:00","breadcrumb":{"@id":"https:\/\/nourri-source.org\/en\/perinatal-fact-sheets\/#breadcrumb"},"inLanguage":"en-US","potentialAction":[{"@type":"ReadAction","target":["https:\/\/nourri-source.org\/en\/perinatal-fact-sheets\/"]}]},{"@type":"ImageObject","inLanguage":"en-US","@id":"https:\/\/nourri-source.org\/en\/perinatal-fact-sheets\/#primaryimage","url":"https:\/\/nourri-source.org\/wp-content\/uploads\/2021\/10\/pdf-icon_200.png","contentUrl":"https:\/\/nourri-source.org\/wp-content\/uploads\/2021\/10\/pdf-icon_200.png"},{"@type":"BreadcrumbList","@id":"https:\/\/nourri-source.org\/en\/perinatal-fact-sheets\/#breadcrumb","itemListElement":[{"@type":"ListItem","position":1,"name":"Accueil","item":"https:\/\/nourri-source.org\/"},{"@type":"ListItem","position":2,"name":"Perinatal fact sheets"}]},{"@type":"WebSite","@id":"https:\/\/nourri-source.org\/#website","url":"https:\/\/nourri-source.org\/","name":"F\u00e9d\u00e9ration Nourri-Source","description":"La r\u00e9f\u00e9rence pour trouver une marraine d\u2019allaitement.","publisher":{"@id":"https:\/\/nourri-source.org\/#organization"},"potentialAction":[{"@type":"SearchAction","target":{"@type":"EntryPoint","urlTemplate":"https:\/\/nourri-source.org\/?s={search_term_string}"},"query-input":{"@type":"PropertyValueSpecification","valueRequired":true,"valueName":"search_term_string"}}],"inLanguage":"en-US"},{"@type":"Organization","@id":"https:\/\/nourri-source.org\/#organization","name":"Nourri-source","url":"https:\/\/nourri-source.org\/","logo":{"@type":"ImageObject","inLanguage":"en-US","@id":"https:\/\/nourri-source.org\/#\/schema\/logo\/image\/","url":"https:\/\/nourri-source.org\/wp-content\/uploads\/2021\/10\/NS_logo_rgb.png","contentUrl":"https:\/\/nourri-source.org\/wp-content\/uploads\/2021\/10\/NS_logo_rgb.png","width":718,"height":406,"caption":"Nourri-source"},"image":{"@id":"https:\/\/nourri-source.org\/#\/schema\/logo\/image\/"},"sameAs":["https:\/\/www.facebook.com\/FNourriSource\/","https:\/\/www.instagram.com\/federationnourrisource\/","https:\/\/www.youtube.com\/channel\/UCHceoGlfuj2-QDpySHDUyQg\/featured"]}]}},"campaignId":"","_links":{"self":[{"href":"https:\/\/nourri-source.org\/en\/wp-json\/wp\/v2\/pages\/5374","targetHints":{"allow":["GET"]}}],"collection":[{"href":"https:\/\/nourri-source.org\/en\/wp-json\/wp\/v2\/pages"}],"about":[{"href":"https:\/\/nourri-source.org\/en\/wp-json\/wp\/v2\/types\/page"}],"author":[{"embeddable":true,"href":"https:\/\/nourri-source.org\/en\/wp-json\/wp\/v2\/users\/4"}],"replies":[{"embeddable":true,"href":"https:\/\/nourri-source.org\/en\/wp-json\/wp\/v2\/comments?post=5374"}],"version-history":[{"count":0,"href":"https:\/\/nourri-source.org\/en\/wp-json\/wp\/v2\/pages\/5374\/revisions"}],"wp:attachment":[{"href":"https:\/\/nourri-source.org\/en\/wp-json\/wp\/v2\/media?parent=5374"}],"curies":[{"name":"wp","href":"https:\/\/api.w.org\/{rel}","templated":true}]}}